{"id":422,"date":"2025-03-17T17:18:43","date_gmt":"2025-03-17T16:18:43","guid":{"rendered":"https:\/\/jidiz.com\/web\/?post_type=product&#038;p=422"},"modified":"2025-03-17T17:19:09","modified_gmt":"2025-03-17T16:19:09","slug":"jarro-mug-con-conexion-a-usb","status":"publish","type":"product","link":"https:\/\/jidiz.com\/web\/producto\/jarro-mug-con-conexion-a-usb\/","title":{"rendered":"Jarro Mug con conexion a USB"},"content":{"rendered":"<p><span style=\"color: #808080\"><em><strong>Medidas:<\/strong><\/em><\/span><\/p>\n<ul>\n<li><span style=\"color: #808080\">16 x 8 cm. (Aprox.)<\/span><\/li>\n<\/ul>\n<p><span style=\"color: #808080\"><em><strong>Descripci\u00f3n:<\/strong><\/em><\/span><\/p>\n<ul>\n<li><span style=\"color: #808080\">Jarro met\u00e1lico de 450 ml. (Aprox.) Con tapa de pl\u00e1stico con ret\u00e9n para evitar p\u00e9rdidas y cable de conexi\u00f3n USB, con adaptador para auto, para mantener el calor.<\/span><\/li>\n<\/ul>\n<p><span style=\"color: #808080\"><em><strong>Colores:<\/strong><\/em><\/span><\/p>\n<ul>\n<li><span style=\"color: #808080\">Plateado.<\/span><\/li>\n<\/ul>\n<p><span style=\"color: #808080\"><em><strong>Presentaci\u00f3n del producto:<\/strong><\/em><\/span><\/p>\n<ul>\n<li><span style=\"color: #808080\">Individual, en caja de cart\u00f3n blanca.<\/span><\/li>\n<\/ul>\n","protected":false},"excerpt":{"rendered":"<p><span style=\"color: #808080\"><em><strong>Medidas:<\/strong><\/em><\/span><\/p>\n<ul>\n<li><span style=\"color: #808080\">16 x 8 cm. (Aprox.)<\/span><\/li>\n<\/ul>\n<p><span style=\"color: #808080\"><em><strong>Descripci\u00f3n:<\/strong><\/em><\/span><\/p>\n<ul>\n<li><span style=\"color: #808080\">Jarro met\u00e1lico de 450 ml. (Aprox.) Con tapa de pl\u00e1stico con ret\u00e9n para evitar p\u00e9rdidas y cable de conexi\u00f3n USB, con adaptador para auto, para mantener el calor.<\/span><\/li>\n<\/ul>\n<p><span style=\"color: #808080\"><em><strong>Colores:<\/strong><\/em><\/span><\/p>\n<ul>\n<li><span style=\"color: #808080\">Plateado.<\/span><\/li>\n<\/ul>\n<p><span style=\"color: #808080\"><em><strong>Presentaci\u00f3n del producto:<\/strong><\/em><\/span><\/p>\n<ul>\n<li><span style=\"color: #808080\">Individual, en caja de cart\u00f3n blanca.<\/span><\/li>\n<\/ul>\n","protected":false},"featured_media":470,"comment_status":"closed","ping_status":"closed","template":"","meta":{"_joinchat":[]},"product_brand":[],"product_cat":[72],"product_tag":[],"class_list":{"0":"post-422","1":"product","2":"type-product","3":"status-publish","4":"has-post-thumbnail","6":"product_cat-jarros-mug","8":"first","9":"instock","10":"shipping-taxable","11":"product-type-simple"},"_links":{"self":[{"href":"https:\/\/jidiz.com\/web\/wp-json\/wp\/v2\/product\/422","targetHints":{"allow":["GET"]}}],"collection":[{"href":"https:\/\/jidiz.com\/web\/wp-json\/wp\/v2\/product"}],"about":[{"href":"https:\/\/jidiz.com\/web\/wp-json\/wp\/v2\/types\/product"}],"replies":[{"embeddable":true,"href":"https:\/\/jidiz.com\/web\/wp-json\/wp\/v2\/comments?post=422"}],"wp:featuredmedia":[{"embeddable":true,"href":"https:\/\/jidiz.com\/web\/wp-json\/wp\/v2\/media\/470"}],"wp:attachment":[{"href":"https:\/\/jidiz.com\/web\/wp-json\/wp\/v2\/media?parent=422"}],"wp:term":[{"taxonomy":"product_brand","embeddable":true,"href":"https:\/\/jidiz.com\/web\/wp-json\/wp\/v2\/product_brand?post=422"},{"taxonomy":"product_cat","embeddable":true,"href":"https:\/\/jidiz.com\/web\/wp-json\/wp\/v2\/product_cat?post=422"},{"taxonomy":"product_tag","embeddable":true,"href":"https:\/\/jidiz.com\/web\/wp-json\/wp\/v2\/product_tag?post=422"}],"curies":[{"name":"wp","href":"https:\/\/api.w.org\/{rel}","templated":true}]}}