{"id":596,"date":"2025-03-17T17:20:12","date_gmt":"2025-03-17T16:20:12","guid":{"rendered":"https:\/\/jidiz.com\/web\/?post_type=product&#038;p=596"},"modified":"2025-03-17T17:20:26","modified_gmt":"2025-03-17T16:20:26","slug":"notebook","status":"publish","type":"product","link":"https:\/\/jidiz.com\/web\/producto\/notebook\/","title":{"rendered":"Notebook"},"content":{"rendered":"<p><span style=\"color: #808080;\"><em><strong>Medidas:<\/strong><\/em><\/span><\/p>\n<ul>\n<li><span style=\"color: #808080;\">7.5 x 7 cm. (Aprox.)<\/span><\/li>\n<\/ul>\n<p><span style=\"color: #808080;\"><em><strong>Descripci\u00f3n:<\/strong><\/em><\/span><\/p>\n<ul>\n<li><span style=\"color: #808080;\">Mini libreta con espiral (argolla color negro), contiene 5 tacos chicos en colores: celeste, anaranjado, verde lim\u00f3n, fucsia y amarillo y 5 post it peque\u00f1os en colores: amarillo, fucsia, verde lim\u00f3n, anaranjado y celeste. <\/span><\/li>\n<\/ul>\n<p><span style=\"color: #808080;\"><em><strong>Colores:<\/strong><\/em><\/span><\/p>\n<ul>\n<li><span style=\"color: #808080;\">Natural, Negro y Blanco.<\/span><\/li>\n<\/ul>\n<p><span style=\"color: #808080;\"><em><strong>Presentaci\u00f3n del producto:<\/strong><\/em><\/span><\/p>\n<ul>\n<li><span style=\"color: #808080;\">Individual, en bolsa de pl\u00e1stico transparente.<\/span><\/li>\n<\/ul>\n","protected":false},"excerpt":{"rendered":"<p><span style=\"color: #808080;\"><em><strong>Medidas:<\/strong><\/em><\/span><\/p>\n<ul>\n<li><span style=\"color: #808080;\">7.5 x 7 cm. (Aprox.)<\/span><\/li>\n<\/ul>\n<p><span style=\"color: #808080;\"><em><strong>Descripci\u00f3n:<\/strong><\/em><\/span><\/p>\n<ul>\n<li><span style=\"color: #808080;\">Mini libreta con espiral (argolla color negro), contiene 5 tacos chicos en colores: celeste, anaranjado, verde lim\u00f3n, fucsia y amarillo y 5 post it peque\u00f1os en colores: amarillo, fucsia, verde lim\u00f3n, anaranjado y celeste. <\/span><\/li>\n<\/ul>\n<p><span style=\"color: #808080;\"><em><strong>Colores:<\/strong><\/em><\/span><\/p>\n<ul>\n<li><span style=\"color: #808080;\">Natural, Negro y Blanco.<\/span><\/li>\n<\/ul>\n<p><span style=\"color: #808080;\"><em><strong>Presentaci\u00f3n del producto:<\/strong><\/em><\/span><\/p>\n<ul>\n<li><span style=\"color: #808080;\">Individual, en bolsa de pl\u00e1stico transparente.<\/span><\/li>\n<\/ul>\n","protected":false},"featured_media":626,"comment_status":"closed","ping_status":"closed","template":"","meta":{"_joinchat":[]},"product_brand":[],"product_cat":[73],"product_tag":[],"class_list":{"0":"post-596","1":"product","2":"type-product","3":"status-publish","4":"has-post-thumbnail","6":"product_cat-linea-ecologica","8":"first","9":"instock","10":"shipping-taxable","11":"product-type-simple"},"_links":{"self":[{"href":"https:\/\/jidiz.com\/web\/wp-json\/wp\/v2\/product\/596","targetHints":{"allow":["GET"]}}],"collection":[{"href":"https:\/\/jidiz.com\/web\/wp-json\/wp\/v2\/product"}],"about":[{"href":"https:\/\/jidiz.com\/web\/wp-json\/wp\/v2\/types\/product"}],"replies":[{"embeddable":true,"href":"https:\/\/jidiz.com\/web\/wp-json\/wp\/v2\/comments?post=596"}],"wp:featuredmedia":[{"embeddable":true,"href":"https:\/\/jidiz.com\/web\/wp-json\/wp\/v2\/media\/626"}],"wp:attachment":[{"href":"https:\/\/jidiz.com\/web\/wp-json\/wp\/v2\/media?parent=596"}],"wp:term":[{"taxonomy":"product_brand","embeddable":true,"href":"https:\/\/jidiz.com\/web\/wp-json\/wp\/v2\/product_brand?post=596"},{"taxonomy":"product_cat","embeddable":true,"href":"https:\/\/jidiz.com\/web\/wp-json\/wp\/v2\/product_cat?post=596"},{"taxonomy":"product_tag","embeddable":true,"href":"https:\/\/jidiz.com\/web\/wp-json\/wp\/v2\/product_tag?post=596"}],"curies":[{"name":"wp","href":"https:\/\/api.w.org\/{rel}","templated":true}]}}