{"id":652,"date":"2025-03-17T17:20:35","date_gmt":"2025-03-17T16:20:35","guid":{"rendered":"https:\/\/jidiz.com\/web\/?post_type=product&#038;p=652"},"modified":"2025-03-17T17:21:00","modified_gmt":"2025-03-17T16:21:00","slug":"lapicero-de-plastico-7","status":"publish","type":"product","link":"https:\/\/jidiz.com\/web\/producto\/lapicero-de-plastico-7\/","title":{"rendered":"Lapicero de Plastico"},"content":{"rendered":"<p><em><strong>Medidas:<\/strong><\/em><\/p>\n<ul>\n<li>14 x 1.2 cm.<\/li>\n<\/ul>\n<p><em><strong>Descripci\u00f3n:<\/strong><\/em><\/p>\n<ul>\n<li>\u00a0Lapicero pl\u00e1stico retr\u00e1ctil de cuerpo plateado, con clip y punta de color trasl\u00facido. Colore de tinta azul.<\/li>\n<\/ul>\n<p><em><strong>Colores:<\/strong><\/em><\/p>\n<ul>\n<li>\u00a0Azul, rojo, verde, anaranjado y negro.<\/li>\n<\/ul>\n<p><em><strong>Presentaci\u00f3n del producto:<\/strong><\/em><\/p>\n<ul>\n<li>Individual, en bolsita pl\u00e1stica transparente.<\/li>\n<\/ul>\n","protected":false},"excerpt":{"rendered":"<p><em><strong>Medidas:<\/strong><\/em><\/p>\n<ul>\n<li>14 x 1.2 cm.<\/li>\n<\/ul>\n<p><em><strong>Descripci\u00f3n:<\/strong><\/em><\/p>\n<ul>\n<li>\u00a0Lapicero pl\u00e1stico retr\u00e1ctil de cuerpo plateado, con clip y punta de color trasl\u00facido. Colore de tinta azul.<\/li>\n<\/ul>\n<p><em><strong>Colores:<\/strong><\/em><\/p>\n<ul>\n<li>\u00a0Azul, rojo, verde, anaranjado y negro.<\/li>\n<\/ul>\n<p><em><strong>Presentaci\u00f3n del producto:<\/strong><\/em><\/p>\n<ul>\n<li>Individual, en bolsita pl\u00e1stica transparente.<\/li>\n<\/ul>\n","protected":false},"featured_media":705,"comment_status":"closed","ping_status":"closed","template":"","meta":{"_joinchat":[]},"product_brand":[],"product_cat":[92],"product_tag":[],"class_list":{"0":"post-652","1":"product","2":"type-product","3":"status-publish","4":"has-post-thumbnail","6":"product_cat-lapiceros-de-plastico-lapiceros","8":"first","9":"instock","10":"shipping-taxable","11":"product-type-simple"},"_links":{"self":[{"href":"https:\/\/jidiz.com\/web\/wp-json\/wp\/v2\/product\/652","targetHints":{"allow":["GET"]}}],"collection":[{"href":"https:\/\/jidiz.com\/web\/wp-json\/wp\/v2\/product"}],"about":[{"href":"https:\/\/jidiz.com\/web\/wp-json\/wp\/v2\/types\/product"}],"replies":[{"embeddable":true,"href":"https:\/\/jidiz.com\/web\/wp-json\/wp\/v2\/comments?post=652"}],"wp:featuredmedia":[{"embeddable":true,"href":"https:\/\/jidiz.com\/web\/wp-json\/wp\/v2\/media\/705"}],"wp:attachment":[{"href":"https:\/\/jidiz.com\/web\/wp-json\/wp\/v2\/media?parent=652"}],"wp:term":[{"taxonomy":"product_brand","embeddable":true,"href":"https:\/\/jidiz.com\/web\/wp-json\/wp\/v2\/product_brand?post=652"},{"taxonomy":"product_cat","embeddable":true,"href":"https:\/\/jidiz.com\/web\/wp-json\/wp\/v2\/product_cat?post=652"},{"taxonomy":"product_tag","embeddable":true,"href":"https:\/\/jidiz.com\/web\/wp-json\/wp\/v2\/product_tag?post=652"}],"curies":[{"name":"wp","href":"https:\/\/api.w.org\/{rel}","templated":true}]}}