{"id":681,"date":"2025-03-17T17:20:56","date_gmt":"2025-03-17T16:20:56","guid":{"rendered":"https:\/\/jidiz.com\/web\/?post_type=product&#038;p=681"},"modified":"2025-03-17T17:21:05","modified_gmt":"2025-03-17T16:21:05","slug":"lapicero-de-plastico-11","status":"publish","type":"product","link":"https:\/\/jidiz.com\/web\/producto\/lapicero-de-plastico-11\/","title":{"rendered":"Lapicero de Plastico"},"content":{"rendered":"<p><em><strong>Medidas:<\/strong><\/em><\/p>\n<ul>\n<li>13.5x 1.1 cm.<\/li>\n<\/ul>\n<p><em><strong>Descripci\u00f3n:<\/strong><\/em><\/p>\n<ul>\n<li>Lapicero pl\u00e1stico retr\u00e1ctil de color trasl\u00facido, con goma antideslizante en la base, con punta y clip de color plateado mate. Color de tinta azul.<\/li>\n<\/ul>\n<p><em><strong>Colores:<\/strong><\/em><\/p>\n<ul>\n<li>Azul, rojo, verde, anaranjado, blanco y negro.<\/li>\n<\/ul>\n<p><em><strong>Presentaci\u00f3n del producto:<\/strong><\/em><\/p>\n<ul>\n<li>Individual, en bolsita pl\u00e1stica transparente.<\/li>\n<\/ul>\n","protected":false},"excerpt":{"rendered":"<p><em><strong>Medidas:<\/strong><\/em><\/p>\n<ul>\n<li>13.5x 1.1 cm.<\/li>\n<\/ul>\n<p><em><strong>Descripci\u00f3n:<\/strong><\/em><\/p>\n<ul>\n<li>Lapicero pl\u00e1stico retr\u00e1ctil de color trasl\u00facido, con goma antideslizante en la base, con punta y clip de color plateado mate. Color de tinta azul.<\/li>\n<\/ul>\n<p><em><strong>Colores:<\/strong><\/em><\/p>\n<ul>\n<li>Azul, rojo, verde, anaranjado, blanco y negro.<\/li>\n<\/ul>\n<p><em><strong>Presentaci\u00f3n del producto:<\/strong><\/em><\/p>\n<ul>\n<li>Individual, en bolsita pl\u00e1stica transparente.<\/li>\n<\/ul>\n","protected":false},"featured_media":711,"comment_status":"closed","ping_status":"closed","template":"","meta":{"_joinchat":[]},"product_brand":[],"product_cat":[92],"product_tag":[],"class_list":{"0":"post-681","1":"product","2":"type-product","3":"status-publish","4":"has-post-thumbnail","6":"product_cat-lapiceros-de-plastico-lapiceros","8":"first","9":"instock","10":"shipping-taxable","11":"product-type-simple"},"_links":{"self":[{"href":"https:\/\/jidiz.com\/web\/wp-json\/wp\/v2\/product\/681","targetHints":{"allow":["GET"]}}],"collection":[{"href":"https:\/\/jidiz.com\/web\/wp-json\/wp\/v2\/product"}],"about":[{"href":"https:\/\/jidiz.com\/web\/wp-json\/wp\/v2\/types\/product"}],"replies":[{"embeddable":true,"href":"https:\/\/jidiz.com\/web\/wp-json\/wp\/v2\/comments?post=681"}],"wp:featuredmedia":[{"embeddable":true,"href":"https:\/\/jidiz.com\/web\/wp-json\/wp\/v2\/media\/711"}],"wp:attachment":[{"href":"https:\/\/jidiz.com\/web\/wp-json\/wp\/v2\/media?parent=681"}],"wp:term":[{"taxonomy":"product_brand","embeddable":true,"href":"https:\/\/jidiz.com\/web\/wp-json\/wp\/v2\/product_brand?post=681"},{"taxonomy":"product_cat","embeddable":true,"href":"https:\/\/jidiz.com\/web\/wp-json\/wp\/v2\/product_cat?post=681"},{"taxonomy":"product_tag","embeddable":true,"href":"https:\/\/jidiz.com\/web\/wp-json\/wp\/v2\/product_tag?post=681"}],"curies":[{"name":"wp","href":"https:\/\/api.w.org\/{rel}","templated":true}]}}