{"id":774,"date":"2025-03-17T17:21:41","date_gmt":"2025-03-17T16:21:41","guid":{"rendered":"https:\/\/jidiz.com\/web\/?post_type=product&#038;p=774"},"modified":"2025-03-17T17:21:58","modified_gmt":"2025-03-17T16:21:58","slug":"lapicero-de-plastico-28","status":"publish","type":"product","link":"https:\/\/jidiz.com\/web\/producto\/lapicero-de-plastico-28\/","title":{"rendered":"Lapicero de Pl\u00e1stico"},"content":{"rendered":"<p><em><strong>Medidas:<\/strong><\/em><\/p>\n<ul>\n<li>14 cm x 1 cm<\/li>\n<\/ul>\n<p><em><strong>Descripci\u00f3n:<\/strong><\/em><\/p>\n<ul>\n<li>Lapicero pl\u00e1stico de sistema retr\u00e1ctil con touch, cuerpo de color s\u00f3lido, con clip y punta de color plateado brillante.<\/li>\n<\/ul>\n<p><em><strong>Colores:<\/strong><\/em><\/p>\n<ul>\n<li>Rojo, Blanco, Azul, Verde, Negro y Naranja.<\/li>\n<\/ul>\n<p><em><strong>Presentaci\u00f3n del producto:<\/strong><\/em><\/p>\n<ul>\n<li>Individual, en bolsita pl\u00e1stica transparente.<\/li>\n<\/ul>\n","protected":false},"excerpt":{"rendered":"<p><em><strong>Medidas:<\/strong><\/em><\/p>\n<ul>\n<li>14 cm x 1 cm<\/li>\n<\/ul>\n<p><em><strong>Descripci\u00f3n:<\/strong><\/em><\/p>\n<ul>\n<li>Lapicero pl\u00e1stico de sistema retr\u00e1ctil con touch, cuerpo de color s\u00f3lido, con clip y punta de color plateado brillante.<\/li>\n<\/ul>\n<p><em><strong>Colores:<\/strong><\/em><\/p>\n<ul>\n<li>Rojo, Blanco, Azul, Verde, Negro y Naranja.<\/li>\n<\/ul>\n<p><em><strong>Presentaci\u00f3n del producto:<\/strong><\/em><\/p>\n<ul>\n<li>Individual, en bolsita pl\u00e1stica transparente.<\/li>\n<\/ul>\n","protected":false},"featured_media":806,"comment_status":"closed","ping_status":"closed","template":"","meta":{"_joinchat":[]},"product_brand":[],"product_cat":[92],"product_tag":[],"class_list":{"0":"post-774","1":"product","2":"type-product","3":"status-publish","4":"has-post-thumbnail","6":"product_cat-lapiceros-de-plastico-lapiceros","8":"first","9":"instock","10":"shipping-taxable","11":"product-type-simple"},"_links":{"self":[{"href":"https:\/\/jidiz.com\/web\/wp-json\/wp\/v2\/product\/774","targetHints":{"allow":["GET"]}}],"collection":[{"href":"https:\/\/jidiz.com\/web\/wp-json\/wp\/v2\/product"}],"about":[{"href":"https:\/\/jidiz.com\/web\/wp-json\/wp\/v2\/types\/product"}],"replies":[{"embeddable":true,"href":"https:\/\/jidiz.com\/web\/wp-json\/wp\/v2\/comments?post=774"}],"wp:featuredmedia":[{"embeddable":true,"href":"https:\/\/jidiz.com\/web\/wp-json\/wp\/v2\/media\/806"}],"wp:attachment":[{"href":"https:\/\/jidiz.com\/web\/wp-json\/wp\/v2\/media?parent=774"}],"wp:term":[{"taxonomy":"product_brand","embeddable":true,"href":"https:\/\/jidiz.com\/web\/wp-json\/wp\/v2\/product_brand?post=774"},{"taxonomy":"product_cat","embeddable":true,"href":"https:\/\/jidiz.com\/web\/wp-json\/wp\/v2\/product_cat?post=774"},{"taxonomy":"product_tag","embeddable":true,"href":"https:\/\/jidiz.com\/web\/wp-json\/wp\/v2\/product_tag?post=774"}],"curies":[{"name":"wp","href":"https:\/\/api.w.org\/{rel}","templated":true}]}}