{"id":817,"date":"2025-03-17T17:22:03","date_gmt":"2025-03-17T16:22:03","guid":{"rendered":"https:\/\/jidiz.com\/web\/?post_type=product&#038;p=817"},"modified":"2025-05-14T18:14:37","modified_gmt":"2025-05-14T23:14:37","slug":"tomatodo-de-plastico-15","status":"publish","type":"product","link":"https:\/\/jidiz.com\/web\/producto\/tomatodo-de-plastico-15\/","title":{"rendered":"Tomatodo de Pl\u00e1stico"},"content":{"rendered":"<p><span style=\"color: #808080;\"><em><strong>Medidas:<\/strong><\/em><\/span><\/p>\n<ul>\n<li><span style=\"color: #808080;\">Altura: 23 cm. \/ Di\u00e1metro: 6.5 cm. \/ Tapa (Di\u00e1metro): 4.5 cm. (Aprox.)<\/span><\/li>\n<\/ul>\n<p><span style=\"color: #808080;\"><em><strong>Descripci\u00f3n:<\/strong><\/em><\/span><\/p>\n<ul>\n<li><span style=\"color: #808080;\">Tomatodo de pl\u00e1stico PC (Policarbonato) de colores trasl\u00facidos y tapa con cinta de color met\u00e1lico. Capacidad de 750 ml.<\/span><\/li>\n<\/ul>\n<p><span style=\"color: #808080;\"><em><strong>Colores:<\/strong><\/em><\/span><\/p>\n<ul>\n<li><span style=\"color: #808080;\">Azul, rojo, verde lim\u00f3n, naranja, blanco y negro.<\/span><\/li>\n<\/ul>\n<p><span style=\"color: #808080;\"><em><strong>Presentaci\u00f3n del producto:<\/strong><\/em><\/span><\/p>\n<ul>\n<li><span style=\"color: #808080;\">Individual, en bolsa pl\u00e1stica dentro de una caja de cart\u00f3n blanco.<\/span><\/li>\n<\/ul>\n","protected":false},"excerpt":{"rendered":"<p><span style=\"color: #808080;\"><em><strong>Medidas:<\/strong><\/em><\/span><\/p>\n<ul>\n<li><span style=\"color: #808080;\">Altura: 23 cm. \/ Di\u00e1metro: 6.5 cm. \/ Tapa (Di\u00e1metro): 4.5 cm. (Aprox.)<\/span><\/li>\n<\/ul>\n<p><span style=\"color: #808080;\"><em><strong>Descripci\u00f3n:<\/strong><\/em><\/span><\/p>\n<ul>\n<li><span style=\"color: #808080;\">Tomatodo de pl\u00e1stico PC (Policarbonato) de colores trasl\u00facidos y tapa con cinta de color met\u00e1lico. Capacidad de 750 ml.<\/span><\/li>\n<\/ul>\n<p><span style=\"color: #808080;\"><em><strong>Colores:<\/strong><\/em><\/span><\/p>\n<ul>\n<li><span style=\"color: #808080;\">Azul, rojo, verde lim\u00f3n, naranja, blanco y negro.<\/span><\/li>\n<\/ul>\n<p><span style=\"color: #808080;\"><em><strong>Presentaci\u00f3n del producto:<\/strong><\/em><\/span><\/p>\n<ul>\n<li><span style=\"color: #808080;\">Individual, en bolsa pl\u00e1stica dentro de una caja de cart\u00f3n blanco.<\/span><\/li>\n<\/ul>\n","protected":false},"featured_media":847,"comment_status":"closed","ping_status":"closed","template":"","meta":{"_joinchat":[]},"product_brand":[],"product_cat":[94,90],"product_tag":[],"class_list":{"0":"post-817","1":"product","2":"type-product","3":"status-publish","4":"has-post-thumbnail","6":"product_cat-promociones","7":"product_cat-tomatodos","9":"first","10":"instock","11":"shipping-taxable","12":"product-type-simple"},"_links":{"self":[{"href":"https:\/\/jidiz.com\/web\/wp-json\/wp\/v2\/product\/817","targetHints":{"allow":["GET"]}}],"collection":[{"href":"https:\/\/jidiz.com\/web\/wp-json\/wp\/v2\/product"}],"about":[{"href":"https:\/\/jidiz.com\/web\/wp-json\/wp\/v2\/types\/product"}],"replies":[{"embeddable":true,"href":"https:\/\/jidiz.com\/web\/wp-json\/wp\/v2\/comments?post=817"}],"wp:featuredmedia":[{"embeddable":true,"href":"https:\/\/jidiz.com\/web\/wp-json\/wp\/v2\/media\/847"}],"wp:attachment":[{"href":"https:\/\/jidiz.com\/web\/wp-json\/wp\/v2\/media?parent=817"}],"wp:term":[{"taxonomy":"product_brand","embeddable":true,"href":"https:\/\/jidiz.com\/web\/wp-json\/wp\/v2\/product_brand?post=817"},{"taxonomy":"product_cat","embeddable":true,"href":"https:\/\/jidiz.com\/web\/wp-json\/wp\/v2\/product_cat?post=817"},{"taxonomy":"product_tag","embeddable":true,"href":"https:\/\/jidiz.com\/web\/wp-json\/wp\/v2\/product_tag?post=817"}],"curies":[{"name":"wp","href":"https:\/\/api.w.org\/{rel}","templated":true}]}}