{"id":887,"date":"2025-03-17T19:04:28","date_gmt":"2025-03-17T18:04:28","guid":{"rendered":"https:\/\/jidiz.com\/web\/?post_type=product&#038;p=887"},"modified":"2025-05-14T18:14:08","modified_gmt":"2025-05-14T23:14:08","slug":"mug-ceramico-2","status":"publish","type":"product","link":"https:\/\/jidiz.com\/web\/producto\/mug-ceramico-2\/","title":{"rendered":"Mug Cer\u00e1mico"},"content":{"rendered":"<div><strong>Medidas:<\/strong><\/div>\n<ul>\n<li>Alto: 14.7cm Di\u00e1metro: 9.5cm.<\/li>\n<\/ul>\n<div><strong>Descripci\u00f3n:<\/strong><\/div>\n<ul>\n<li>Mug Cer\u00e1mico blanco con accesorios de silicona para llevar l\u00edquidos de altas temperaturas sin sufrir quemaduras. Capacidad: 400 ml.<\/li>\n<\/ul>\n<div><strong>Colores de silicona:<\/strong><\/div>\n<ul>\n<li>Azul, Rojo, Verde, Blanco, Negro, Naranja, Rosado, Verde lim\u00f3n, Gris, Turquesa y Morado<\/li>\n<\/ul>\n<div><\/div>\n<div><strong>Presentaci\u00f3n del producto:<\/strong><\/div>\n<ul>\n<li>Individual, en una caja de cart\u00f3n color blanco.<\/li>\n<\/ul>\n","protected":false},"excerpt":{"rendered":"<p>Medidas: Alto: 14.7cm Di\u00e1metro: 9.5cm. Descripci\u00f3n: Mug Cer\u00e1mico blanco con accesorios de silicona para llevar l\u00edquidos de altas temperaturas sin sufrir quemaduras. Capacidad: 400 ml. Colores de silicona: Azul, Rojo, Verde, Blanco, Negro, Naranja, Rosado, Verde lim\u00f3n, Gris, Turquesa y Morado Presentaci\u00f3n del producto: Individual, en una caja de cart\u00f3n color blanco.<\/p>\n","protected":false},"featured_media":888,"comment_status":"open","ping_status":"closed","template":"","meta":{"_joinchat":[]},"product_brand":[],"product_cat":[72],"product_tag":[],"class_list":{"0":"post-887","1":"product","2":"type-product","3":"status-publish","4":"has-post-thumbnail","6":"product_cat-jarros-mug","8":"first","9":"instock","10":"shipping-taxable","11":"product-type-simple"},"_links":{"self":[{"href":"https:\/\/jidiz.com\/web\/wp-json\/wp\/v2\/product\/887","targetHints":{"allow":["GET"]}}],"collection":[{"href":"https:\/\/jidiz.com\/web\/wp-json\/wp\/v2\/product"}],"about":[{"href":"https:\/\/jidiz.com\/web\/wp-json\/wp\/v2\/types\/product"}],"replies":[{"embeddable":true,"href":"https:\/\/jidiz.com\/web\/wp-json\/wp\/v2\/comments?post=887"}],"wp:featuredmedia":[{"embeddable":true,"href":"https:\/\/jidiz.com\/web\/wp-json\/wp\/v2\/media\/888"}],"wp:attachment":[{"href":"https:\/\/jidiz.com\/web\/wp-json\/wp\/v2\/media?parent=887"}],"wp:term":[{"taxonomy":"product_brand","embeddable":true,"href":"https:\/\/jidiz.com\/web\/wp-json\/wp\/v2\/product_brand?post=887"},{"taxonomy":"product_cat","embeddable":true,"href":"https:\/\/jidiz.com\/web\/wp-json\/wp\/v2\/product_cat?post=887"},{"taxonomy":"product_tag","embeddable":true,"href":"https:\/\/jidiz.com\/web\/wp-json\/wp\/v2\/product_tag?post=887"}],"curies":[{"name":"wp","href":"https:\/\/api.w.org\/{rel}","templated":true}]}}