{"id":896,"date":"2025-03-17T20:41:48","date_gmt":"2025-03-17T19:41:48","guid":{"rendered":"https:\/\/jidiz.com\/web\/?post_type=product&#038;p=896"},"modified":"2025-03-17T20:51:24","modified_gmt":"2025-03-17T19:51:24","slug":"notebook-8","status":"publish","type":"product","link":"https:\/\/jidiz.com\/web\/producto\/notebook-8\/","title":{"rendered":"Notebook"},"content":{"rendered":"<div><strong>Medidas:<\/strong><\/div>\n<ul>\n<li>18 cm. x 15.2 cm x 2 mm cubierta.<\/li>\n<\/ul>\n<div><strong>Descripci\u00f3n:<\/strong><\/div>\n<ul>\n<li>Libreta anillada de aprox. 70 hojas blancas rayadas, 25 hojas de notas adhesivas y banderas, bol\u00edgrafo ecol\u00f3gico.<\/li>\n<\/ul>\n<div><strong>Colores:<\/strong><\/div>\n<ul>\n<li>Naranja, rojo, verde, azul, negro y natural.<\/li>\n<\/ul>\n<div><strong>Presentaci\u00f3n del producto:<\/strong><\/div>\n<ul>\n<li>Individual, en bolsa pl\u00e1stica.<\/li>\n<\/ul>\n","protected":false},"excerpt":{"rendered":"<p>Medidas: 18 cm. x 15.2 cm x 2 mm cubierta. Descripci\u00f3n: Libreta anillada de aprox. 70 hojas blancas rayadas, 25 hojas de notas adhesivas y banderas, bol\u00edgrafo ecol\u00f3gico. Colores: Naranja, rojo, verde, azul, negro y natural. Presentaci\u00f3n del producto: Individual, en bolsa pl\u00e1stica.<\/p>\n","protected":false},"featured_media":897,"comment_status":"open","ping_status":"closed","template":"","meta":{"_joinchat":[]},"product_brand":[],"product_cat":[73],"product_tag":[],"class_list":{"0":"post-896","1":"product","2":"type-product","3":"status-publish","4":"has-post-thumbnail","6":"product_cat-linea-ecologica","8":"first","9":"instock","10":"shipping-taxable","11":"product-type-simple"},"_links":{"self":[{"href":"https:\/\/jidiz.com\/web\/wp-json\/wp\/v2\/product\/896","targetHints":{"allow":["GET"]}}],"collection":[{"href":"https:\/\/jidiz.com\/web\/wp-json\/wp\/v2\/product"}],"about":[{"href":"https:\/\/jidiz.com\/web\/wp-json\/wp\/v2\/types\/product"}],"replies":[{"embeddable":true,"href":"https:\/\/jidiz.com\/web\/wp-json\/wp\/v2\/comments?post=896"}],"wp:featuredmedia":[{"embeddable":true,"href":"https:\/\/jidiz.com\/web\/wp-json\/wp\/v2\/media\/897"}],"wp:attachment":[{"href":"https:\/\/jidiz.com\/web\/wp-json\/wp\/v2\/media?parent=896"}],"wp:term":[{"taxonomy":"product_brand","embeddable":true,"href":"https:\/\/jidiz.com\/web\/wp-json\/wp\/v2\/product_brand?post=896"},{"taxonomy":"product_cat","embeddable":true,"href":"https:\/\/jidiz.com\/web\/wp-json\/wp\/v2\/product_cat?post=896"},{"taxonomy":"product_tag","embeddable":true,"href":"https:\/\/jidiz.com\/web\/wp-json\/wp\/v2\/product_tag?post=896"}],"curies":[{"name":"wp","href":"https:\/\/api.w.org\/{rel}","templated":true}]}}